{"id":2,"date":"2022-12-07T14:32:15","date_gmt":"2022-12-07T14:32:15","guid":{"rendered":"http:\/\/despositosrl.com\/?page_id=2"},"modified":"2026-01-28T14:33:23","modified_gmt":"2026-01-28T14:33:23","slug":"inicio","status":"publish","type":"page","link":"https:\/\/despositosrl.com\/","title":{"rendered":"Inicio"},"content":{"rendered":"\n  <div class=\"banner has-hover has-video is-full-height has-parallax\" id=\"banner-1767765140\">\n          <div class=\"banner-inner fill\">\n        <div class=\"banner-bg fill\" data-parallax=\"-10\" data-parallax-container=\".banner\" data-parallax-background>\n            <div class=\"bg fill bg-fill \"><\/div>\n              <div class=\"video-overlay no-click fill hide-for-small\"><\/div>\n\t<video class=\"video-bg fill hide-for-small\" preload playsinline autoplay=\"true\"\n\tmuted\tloop>\n\t    <source src=\"https:\/\/despositosrl.com\/wp-content\/uploads\/2022\/12\/Pexels-Videos-3925.mp4\" type=\"video\/mp4\">\t    \t   \t<\/video>\n            <div class=\"overlay\"><\/div>            \n                    <\/div><!-- bg-layers -->\n        <div class=\"banner-layers container\">\n            <div class=\"fill banner-link\"><\/div>            \n   <div id=\"text-box-648893129\" class=\"text-box banner-layer x5 md-x5 lg-x5 y50 md-y50 lg-y50 res-text\">\n                                <div class=\"text dark\">\n              \n              <div class=\"text-inner text-left\">\n                  \n<h1><strong>Servicios de transporte y movimiento de suelo<\/strong><\/h1>\n<h3><span style=\"font-weight: 400;\">Dejando nuestra mejor huella<\/span><\/h3>\n              <\/div>\n           <\/div><!-- text-box-inner -->\n                            \n<style scope=\"scope\">\n\n#text-box-648893129 {\n  width: 91%;\n}\n#text-box-648893129 .text {\n  font-size: 100%;\n}\n\n\n@media (min-width:550px) {\n\n  #text-box-648893129 {\n    width: 86%;\n  }\n\n}\n<\/style>\n    <\/div><!-- text-box -->\n \n        <\/div><!-- .banner-layers -->\n      <\/div><!-- .banner-inner -->\n\n            \n<style scope=\"scope\">\n\n#banner-1767765140 {\n  padding-top: 100%;\n}\n#banner-1767765140 .bg.bg-loaded {\n  background-image: url(https:\/\/despositosrl.com\/wp-content\/uploads\/2022\/12\/1667860458703-scaled.jpg);\n}\n#banner-1767765140 .overlay {\n  background-color: rgba(0, 0, 0, 0.76);\n}\n#banner-1767765140 .bg {\n  background-position: 48% 41%;\n}\n\n\n@media (min-width:550px) {\n\n  #banner-1767765140 {\n    padding-top: 100%;\n  }\n\n}\n\n\n@media (min-width:850px) {\n\n  #banner-1767765140 {\n    padding-top: 100%;\n  }\n\n}\n<\/style>\n  <\/div><!-- .banner -->\n\n\n<div class=\"row row-collapse row-full-width\"  id=\"row-942103591\">\n<div class=\"col medium-6 small-12 large-6\"  data-animate=\"fadeInLeft\"><div class=\"col-inner\"  >\n\n  <div class=\"banner has-hover bg-zoom is-full-height has-parallax\" id=\"banner-2021013972\">\n          <div class=\"banner-inner fill\">\n        <div class=\"banner-bg fill\" data-parallax=\"-8\" data-parallax-container=\".banner\" data-parallax-background>\n            <div class=\"bg fill bg-fill \"><\/div>\n                        <div class=\"overlay\"><\/div>            \n                    <\/div><!-- bg-layers -->\n        <div class=\"banner-layers container\">\n            <div class=\"fill banner-link\"><\/div>            \n   <div id=\"text-box-336321691\" class=\"text-box banner-layer x50 md-x50 lg-x50 y50 md-y50 lg-y50 res-text\">\n                                <div class=\"text dark\">\n              \n              <div class=\"text-inner text-center\">\n                  \n<h1 class=\"uppercase\"><b>SERVICIOS VIALES<\/b><\/h1>\n<a href=\"https:\/\/despositosrl.com\/index.php\/servicios\/#viales\" target=\"_self\" class=\"button white is-underline is-xlarge expand\"  >\n    <span>Ver m\u00e1s<\/span>\n  <\/a>\n\n              <\/div>\n           <\/div><!-- text-box-inner -->\n                            \n<style scope=\"scope\">\n\n#text-box-336321691 {\n  width: 74%;\n}\n#text-box-336321691 .text {\n  font-size: 100%;\n}\n\n\n@media (min-width:550px) {\n\n  #text-box-336321691 {\n    width: 61%;\n  }\n\n}\n<\/style>\n    <\/div><!-- text-box -->\n \n        <\/div><!-- .banner-layers -->\n      <\/div><!-- .banner-inner -->\n\n            \n<style scope=\"scope\">\n\n#banner-2021013972 {\n  padding-top: 100%;\n}\n#banner-2021013972 .bg.bg-loaded {\n  background-image: url(https:\/\/despositosrl.com\/wp-content\/uploads\/2022\/12\/1667860459008-768x1024.jpg);\n}\n#banner-2021013972 .overlay {\n  background-color: rgba(0,0,0,.5);\n}\n<\/style>\n  <\/div><!-- .banner -->\n\n\n<\/div><\/div>\n<div class=\"col medium-6 small-12 large-6\"  data-animate=\"fadeInRight\"><div class=\"col-inner\"  >\n\n  <div class=\"banner has-hover bg-zoom is-full-height has-parallax\" id=\"banner-1637406149\">\n          <div class=\"banner-inner fill\">\n        <div class=\"banner-bg fill\" data-parallax=\"-8\" data-parallax-container=\".banner\" data-parallax-background>\n            <div class=\"bg fill bg-fill \"><\/div>\n                        <div class=\"overlay\"><\/div>            \n                    <\/div><!-- bg-layers -->\n        <div class=\"banner-layers container\">\n            <div class=\"fill banner-link\"><\/div>            \n   <div id=\"text-box-739108394\" class=\"text-box banner-layer x50 md-x50 lg-x50 y50 md-y50 lg-y50 res-text\">\n                                <div class=\"text dark\">\n              \n              <div class=\"text-inner text-center\">\n                  \n<h1 class=\"uppercase\"><b>SERVICIOS AMBIENTALES<\/b><\/h1>\n<a href=\"https:\/\/despositosrl.com\/index.php\/servicios\/#ambientales\" target=\"_self\" class=\"button white is-underline is-xlarge expand\"  >\n    <span>ver m\u00e1s<\/span>\n  <\/a>\n\n              <\/div>\n           <\/div><!-- text-box-inner -->\n                            \n<style scope=\"scope\">\n\n#text-box-739108394 {\n  width: 96%;\n}\n#text-box-739108394 .text {\n  font-size: 100%;\n}\n\n\n@media (min-width:550px) {\n\n  #text-box-739108394 {\n    width: 74%;\n  }\n\n}\n\n\n@media (min-width:850px) {\n\n  #text-box-739108394 {\n    width: 76%;\n  }\n\n}\n<\/style>\n    <\/div><!-- text-box -->\n \n        <\/div><!-- .banner-layers -->\n      <\/div><!-- .banner-inner -->\n\n            \n<style scope=\"scope\">\n\n#banner-1637406149 {\n  padding-top: 100%;\n}\n#banner-1637406149 .bg.bg-loaded {\n  background-image: url(https:\/\/despositosrl.com\/wp-content\/uploads\/2025\/10\/BANN.jpg);\n}\n#banner-1637406149 .overlay {\n  background-color: rgba(0, 0, 0, 0.5);\n}\n#banner-1637406149 .bg {\n  background-position: 0% 55%;\n}\n<\/style>\n  <\/div><!-- .banner -->\n\n\n<\/div><\/div>\n\n<style scope=\"scope\">\n\n<\/style>\n<\/div>\n\n  <div class=\"banner has-hover bg-zoom is-full-height has-parallax\" id=\"banner-514812420\">\n          <div class=\"banner-inner fill\">\n        <div class=\"banner-bg fill\" data-parallax=\"-6\" data-parallax-container=\".banner\" data-parallax-background>\n            <div class=\"bg fill bg-fill \"><\/div>\n                        <div class=\"overlay\"><\/div>            \n                    <\/div><!-- bg-layers -->\n        <div class=\"banner-layers container\">\n            <div class=\"fill banner-link\"><\/div>            \n   <div id=\"text-box-1855325532\" class=\"text-box banner-layer x10 md-x10 lg-x10 y50 md-y50 lg-y50 res-text\">\n                                <div class=\"text dark\">\n              \n              <div class=\"text-inner text-center\">\n                  \n<h1 class=\"uppercase\">OBRAS REALIZADAS<\/h1>\n<a href=\"https:\/\/despositosrl.com\/index.php\/obras\/\" target=\"_self\" class=\"button white is-underline expand\"  >\n    <span>vER<\/span>\n  <i class=\"icon-angle-right\" ><\/i><\/a>\n\n              <\/div>\n           <\/div><!-- text-box-inner -->\n                            \n<style scope=\"scope\">\n\n#text-box-1855325532 {\n  width: 60%;\n}\n#text-box-1855325532 .text {\n  font-size: 100%;\n}\n\n\n@media (min-width:550px) {\n\n  #text-box-1855325532 {\n    width: 40%;\n  }\n\n}\n<\/style>\n    <\/div><!-- text-box -->\n \n        <\/div><!-- .banner-layers -->\n      <\/div><!-- .banner-inner -->\n\n            \n<style scope=\"scope\">\n\n#banner-514812420 {\n  padding-top: 100%;\n}\n#banner-514812420 .bg.bg-loaded {\n  background-image: url(https:\/\/despositosrl.com\/wp-content\/uploads\/2023\/01\/foto4-1024x768.jpg);\n}\n#banner-514812420 .overlay {\n  background-color: rgba(0, 0, 0, 0.66);\n}\n#banner-514812420 .bg {\n  background-position: 10% 51%;\n}\n<\/style>\n  <\/div><!-- .banner -->\n\n\n\t<section class=\"section\" id=\"section_691366731\">\n\t\t<div class=\"bg section-bg fill bg-fill  bg-loaded\" >\n\n\t\t\t\n\t\t\t\n\t\t\t\n\n\t\t<\/div><!-- .section-bg -->\n\n\t\t<div class=\"section-content relative\">\n\t\t\t\n<div class=\"row row-collapse row-full-width align-equal align-center\"  id=\"row-377777529\">\n<div class=\"col medium-2 small-6 large-2\"  ><div class=\"col-inner\"  >\n<\/div><\/div>\n<div class=\"col medium-3 small-6 large-3\"  ><div class=\"col-inner\"  >\n\t<div class=\"img has-hover x md-x lg-x y md-y lg-y\" id=\"image_1380169699\">\n\t\t\t\t\t\t\t\t<div class=\"img-inner dark\" >\n\t\t\t<img loading=\"lazy\" decoding=\"async\" width=\"1020\" height=\"431\" src=\"https:\/\/despositosrl.com\/wp-content\/uploads\/2023\/01\/logo2-1024x433.png\" class=\"attachment-large size-large\" alt=\"\" srcset=\"https:\/\/despositosrl.com\/wp-content\/uploads\/2023\/01\/logo2-1024x433.png 1024w, https:\/\/despositosrl.com\/wp-content\/uploads\/2023\/01\/logo2-300x127.png 300w, https:\/\/despositosrl.com\/wp-content\/uploads\/2023\/01\/logo2-768x324.png 768w, https:\/\/despositosrl.com\/wp-content\/uploads\/2023\/01\/logo2-1536x649.png 1536w, https:\/\/despositosrl.com\/wp-content\/uploads\/2023\/01\/logo2-2048x865.png 2048w\" sizes=\"auto, (max-width: 1020px) 100vw, 1020px\" \/>\t\t\t\t\t\t\n\t\t\t\t\t<\/div>\n\t\t\t\t\t\t\t\t\n<style scope=\"scope\">\n\n#image_1380169699 {\n  width: 59%;\n}\n<\/style>\n\t<\/div>\n\t\n<\/div><\/div>\n<div class=\"col medium-4 small-6 large-4\"  ><div class=\"col-inner\"  >\n<a rel=\"noopener noreferrer\" href=\"https:\/\/despositosrl.com\/wp-content\/uploads\/dlm_uploads\/2026\/01\/01-Guia-Actualizacion-Ambiental-2026.pdf\" target=\"_blank\" class=\"button primary is-underline\"  >\n    <span>Descargar guia<\/span>\n  <i class=\"icon-angle-down\" ><\/i><\/a>\n\n<\/div><\/div>\n<div class=\"col medium-3 small-6 large-3\"  ><div class=\"col-inner\"  >\n<\/div><\/div>\n\n<style scope=\"scope\">\n\n<\/style>\n<\/div>\n\t\t<\/div><!-- .section-content -->\n\n\t\t\n<style scope=\"scope\">\n\n#section_691366731 {\n  padding-top: 30px;\n  padding-bottom: 30px;\n  background-color: rgb(0,0,0);\n}\n<\/style>\n\t<\/section>\n\t\n","protected":false},"excerpt":{"rendered":"","protected":false},"author":1,"featured_media":0,"parent":0,"menu_order":0,"comment_status":"closed","ping_status":"closed","template":"page-transparent-header.php","meta":{"footnotes":""},"class_list":["post-2","page","type-page","status-publish","hentry"],"yoast_head":"<!-- This site is optimized with the Yoast SEO plugin v20.0 - https:\/\/yoast.com\/wordpress\/plugins\/seo\/ -->\n<title>D\u00b4Esposito SRL - Servicios de transporte y movimientos de suelo<\/title>\n<meta name=\"description\" content=\"Con mas de 10 a\u00f1os incorporando servicios de saneamiento de suelo, elaboraci\u00f3n de Estudios de Impacto Ambiental y asesor\u00eda en diferentes aspectos ambientales. D\u00b4Esposito SRL\" \/>\n<meta name=\"robots\" content=\"index, follow, max-snippet:-1, max-image-preview:large, max-video-preview:-1\" \/>\n<link rel=\"canonical\" href=\"https:\/\/despositosrl.com\/\" \/>\n<meta property=\"og:locale\" content=\"es_ES\" \/>\n<meta property=\"og:type\" content=\"article\" \/>\n<meta property=\"og:title\" content=\"D\u00b4Esposito SRL - Servicios de transporte y movimientos de suelo\" \/>\n<meta property=\"og:description\" content=\"Con mas de 10 a\u00f1os incorporando servicios de saneamiento de suelo, elaboraci\u00f3n de Estudios de Impacto Ambiental y asesor\u00eda en diferentes aspectos ambientales. D\u00b4Esposito SRL\" \/>\n<meta property=\"og:url\" content=\"https:\/\/despositosrl.com\/\" \/>\n<meta property=\"og:site_name\" content=\"D\u00b4Esposito SRL\" \/>\n<meta property=\"article:modified_time\" content=\"2026-01-28T14:33:23+00:00\" \/>\n<meta name=\"twitter:card\" content=\"summary_large_image\" \/>\n<meta name=\"twitter:label1\" content=\"Tiempo de lectura\" \/>\n\t<meta name=\"twitter:data1\" content=\"1 minuto\" \/>\n<script type=\"application\/ld+json\" class=\"yoast-schema-graph\">{\"@context\":\"https:\/\/schema.org\",\"@graph\":[{\"@type\":\"WebPage\",\"@id\":\"https:\/\/despositosrl.com\/\",\"url\":\"https:\/\/despositosrl.com\/\",\"name\":\"D\u00b4Esposito SRL - Servicios de transporte y movimientos de suelo\",\"isPartOf\":{\"@id\":\"https:\/\/despositosrl.com\/#website\"},\"datePublished\":\"2022-12-07T14:32:15+00:00\",\"dateModified\":\"2026-01-28T14:33:23+00:00\",\"description\":\"Con mas de 10 a\u00f1os incorporando servicios de saneamiento de suelo, elaboraci\u00f3n de Estudios de Impacto Ambiental y asesor\u00eda en diferentes aspectos ambientales. D\u00b4Esposito SRL\",\"breadcrumb\":{\"@id\":\"https:\/\/despositosrl.com\/#breadcrumb\"},\"inLanguage\":\"es-AR\",\"potentialAction\":[{\"@type\":\"ReadAction\",\"target\":[\"https:\/\/despositosrl.com\/\"]}]},{\"@type\":\"BreadcrumbList\",\"@id\":\"https:\/\/despositosrl.com\/#breadcrumb\",\"itemListElement\":[{\"@type\":\"ListItem\",\"position\":1,\"name\":\"Inicio\",\"item\":\"https:\/\/despositosrl.com\/\"},{\"@type\":\"ListItem\",\"position\":2,\"name\":\"Inicio\"}]},{\"@type\":\"WebSite\",\"@id\":\"https:\/\/despositosrl.com\/#website\",\"url\":\"https:\/\/despositosrl.com\/\",\"name\":\"D\u00b4Esposito SRL\",\"description\":\"Servicios de transporte y movimientos de suelo\",\"publisher\":{\"@id\":\"https:\/\/despositosrl.com\/#organization\"},\"potentialAction\":[{\"@type\":\"SearchAction\",\"target\":{\"@type\":\"EntryPoint\",\"urlTemplate\":\"https:\/\/despositosrl.com\/?s={search_term_string}\"},\"query-input\":\"required name=search_term_string\"}],\"inLanguage\":\"es-AR\"},{\"@type\":\"Organization\",\"@id\":\"https:\/\/despositosrl.com\/#organization\",\"name\":\"D\u00b4Esposito SRL\",\"url\":\"https:\/\/despositosrl.com\/\",\"logo\":{\"@type\":\"ImageObject\",\"inLanguage\":\"es-AR\",\"@id\":\"https:\/\/despositosrl.com\/#\/schema\/logo\/image\/\",\"url\":\"https:\/\/despositosrl.com\/wp-content\/uploads\/2023\/01\/logo2.png\",\"contentUrl\":\"https:\/\/despositosrl.com\/wp-content\/uploads\/2023\/01\/logo2.png\",\"width\":3650,\"height\":1542,\"caption\":\"D\u00b4Esposito SRL\"},\"image\":{\"@id\":\"https:\/\/despositosrl.com\/#\/schema\/logo\/image\/\"},\"sameAs\":[\"https:\/\/www.instagram.com\/despositosrl\/\",\"https:\/\/www.linkedin.com\/company\/d-espsito-srl\/\"]}]}<\/script>\n<!-- \/ Yoast SEO plugin. -->","yoast_head_json":{"title":"D\u00b4Esposito SRL - Servicios de transporte y movimientos de suelo","description":"Con mas de 10 a\u00f1os incorporando servicios de saneamiento de suelo, elaboraci\u00f3n de Estudios de Impacto Ambiental y asesor\u00eda en diferentes aspectos ambientales. D\u00b4Esposito SRL","robots":{"index":"index","follow":"follow","max-snippet":"max-snippet:-1","max-image-preview":"max-image-preview:large","max-video-preview":"max-video-preview:-1"},"canonical":"https:\/\/despositosrl.com\/","og_locale":"es_ES","og_type":"article","og_title":"D\u00b4Esposito SRL - Servicios de transporte y movimientos de suelo","og_description":"Con mas de 10 a\u00f1os incorporando servicios de saneamiento de suelo, elaboraci\u00f3n de Estudios de Impacto Ambiental y asesor\u00eda en diferentes aspectos ambientales. D\u00b4Esposito SRL","og_url":"https:\/\/despositosrl.com\/","og_site_name":"D\u00b4Esposito SRL","article_modified_time":"2026-01-28T14:33:23+00:00","twitter_card":"summary_large_image","twitter_misc":{"Tiempo de lectura":"1 minuto"},"schema":{"@context":"https:\/\/schema.org","@graph":[{"@type":"WebPage","@id":"https:\/\/despositosrl.com\/","url":"https:\/\/despositosrl.com\/","name":"D\u00b4Esposito SRL - Servicios de transporte y movimientos de suelo","isPartOf":{"@id":"https:\/\/despositosrl.com\/#website"},"datePublished":"2022-12-07T14:32:15+00:00","dateModified":"2026-01-28T14:33:23+00:00","description":"Con mas de 10 a\u00f1os incorporando servicios de saneamiento de suelo, elaboraci\u00f3n de Estudios de Impacto Ambiental y asesor\u00eda en diferentes aspectos ambientales. D\u00b4Esposito SRL","breadcrumb":{"@id":"https:\/\/despositosrl.com\/#breadcrumb"},"inLanguage":"es-AR","potentialAction":[{"@type":"ReadAction","target":["https:\/\/despositosrl.com\/"]}]},{"@type":"BreadcrumbList","@id":"https:\/\/despositosrl.com\/#breadcrumb","itemListElement":[{"@type":"ListItem","position":1,"name":"Inicio","item":"https:\/\/despositosrl.com\/"},{"@type":"ListItem","position":2,"name":"Inicio"}]},{"@type":"WebSite","@id":"https:\/\/despositosrl.com\/#website","url":"https:\/\/despositosrl.com\/","name":"D\u00b4Esposito SRL","description":"Servicios de transporte y movimientos de suelo","publisher":{"@id":"https:\/\/despositosrl.com\/#organization"},"potentialAction":[{"@type":"SearchAction","target":{"@type":"EntryPoint","urlTemplate":"https:\/\/despositosrl.com\/?s={search_term_string}"},"query-input":"required name=search_term_string"}],"inLanguage":"es-AR"},{"@type":"Organization","@id":"https:\/\/despositosrl.com\/#organization","name":"D\u00b4Esposito SRL","url":"https:\/\/despositosrl.com\/","logo":{"@type":"ImageObject","inLanguage":"es-AR","@id":"https:\/\/despositosrl.com\/#\/schema\/logo\/image\/","url":"https:\/\/despositosrl.com\/wp-content\/uploads\/2023\/01\/logo2.png","contentUrl":"https:\/\/despositosrl.com\/wp-content\/uploads\/2023\/01\/logo2.png","width":3650,"height":1542,"caption":"D\u00b4Esposito SRL"},"image":{"@id":"https:\/\/despositosrl.com\/#\/schema\/logo\/image\/"},"sameAs":["https:\/\/www.instagram.com\/despositosrl\/","https:\/\/www.linkedin.com\/company\/d-espsito-srl\/"]}]}},"_links":{"self":[{"href":"https:\/\/despositosrl.com\/index.php\/wp-json\/wp\/v2\/pages\/2","targetHints":{"allow":["GET"]}}],"collection":[{"href":"https:\/\/despositosrl.com\/index.php\/wp-json\/wp\/v2\/pages"}],"about":[{"href":"https:\/\/despositosrl.com\/index.php\/wp-json\/wp\/v2\/types\/page"}],"author":[{"embeddable":true,"href":"https:\/\/despositosrl.com\/index.php\/wp-json\/wp\/v2\/users\/1"}],"replies":[{"embeddable":true,"href":"https:\/\/despositosrl.com\/index.php\/wp-json\/wp\/v2\/comments?post=2"}],"version-history":[{"count":21,"href":"https:\/\/despositosrl.com\/index.php\/wp-json\/wp\/v2\/pages\/2\/revisions"}],"predecessor-version":[{"id":201,"href":"https:\/\/despositosrl.com\/index.php\/wp-json\/wp\/v2\/pages\/2\/revisions\/201"}],"wp:attachment":[{"href":"https:\/\/despositosrl.com\/index.php\/wp-json\/wp\/v2\/media?parent=2"}],"curies":[{"name":"wp","href":"https:\/\/api.w.org\/{rel}","templated":true}]}}