{"id":9,"date":"2022-12-07T14:51:59","date_gmt":"2022-12-07T14:51:59","guid":{"rendered":"http:\/\/despositosrl.com\/?page_id=9"},"modified":"2026-01-08T14:00:59","modified_gmt":"2026-01-08T14:00:59","slug":"la-empresa","status":"publish","type":"page","link":"https:\/\/despositosrl.com\/index.php\/la-empresa\/","title":{"rendered":"La empresa"},"content":{"rendered":"\n  <div class=\"banner has-hover has-parallax\" id=\"banner-1631854746\">\n          <div class=\"banner-inner fill\">\n        <div class=\"banner-bg fill\" data-parallax=\"-5\" data-parallax-container=\".banner\" data-parallax-background>\n            <div class=\"bg fill bg-fill \"><\/div>\n                                    \n                    <\/div><!-- bg-layers -->\n        <div class=\"banner-layers container\">\n            <div class=\"fill banner-link\"><\/div>            \n   <div id=\"text-box-201774424\" class=\"text-box banner-layer x50 md-x50 lg-x50 y50 md-y50 lg-y50 res-text\">\n                                <div class=\"text dark\">\n              \n              <div class=\"text-inner text-center\">\n                  \n              <\/div>\n           <\/div><!-- text-box-inner -->\n                            \n<style scope=\"scope\">\n\n#text-box-201774424 {\n  width: 60%;\n}\n#text-box-201774424 .text {\n  font-size: 100%;\n}\n<\/style>\n    <\/div><!-- text-box -->\n \n        <\/div><!-- .banner-layers -->\n      <\/div><!-- .banner-inner -->\n\n            \n<style scope=\"scope\">\n\n#banner-1631854746 {\n  padding-top: 285px;\n}\n#banner-1631854746 .bg.bg-loaded {\n  background-image: url(https:\/\/despositosrl.com\/wp-content\/uploads\/2022\/12\/1667860459008-scaled.jpg);\n}\n#banner-1631854746 .bg {\n  background-position: 13% 45%;\n}\n<\/style>\n  <\/div><!-- .banner -->\n\n\n<div class=\"row\"  id=\"row-708949930\">\n<div class=\"col small-12 large-12\"  ><div class=\"col-inner\"  >\n<div><strong>D\u2019Esp\u00f3sito SRL<\/strong> es una empresa familiar con m\u00e1s de 20 a\u00f1os de experiencia en transporte y movimiento de suelo, consolidada por la confianza de sus clientes y el compromiso con cada proyecto.<\/div>\n<div>A lo largo de los a\u00f1os, hemos participado en m\u00e1s de 150 obras en Rosario y la regi\u00f3n, creciendo de la mano de quienes valoran la seriedad, la eficiencia y el trabajo bien hecho.<\/div>\n<div>\u00a0<\/div>\n<div>En 2022 dimos un nuevo paso creando el \u00e1rea de Servicios Ambientales, desde donde acompa\u00f1amos a empresas e instituciones en el cumplimiento de sus requisitos legales ambientales, brindando asesoramiento t\u00e9cnico integral y soluciones reales para una adecuada gesti\u00f3n ambiental.<\/div>\n<div>\u00a0<\/div>\n<div class=\"gap-element\" style=\"display:block; height:auto; padding-top:54px\" class=\"clearfix\"><\/div>\n<div class=\"row row-collapse row-full-width align-middle align-center\"  id=\"row-689709249\">\n<div class=\"col medium-4 small-12 large-4\"  ><div class=\"col-inner\"  >\n    <div class=\"box has-hover has-hover box-text-bottom\" >\n\n                  <div class=\"box-image \" style=\"width:80%;\">\n           <div class=\"box-image-inner image-cover\" style=\"border-radius:5%;padding-top:120%;\">\n              <img loading=\"lazy\" decoding=\"async\" width=\"1024\" height=\"1024\" src=\"https:\/\/despositosrl.com\/wp-content\/uploads\/2025\/11\/sergio-desposito-.jpg\" class=\"attachment- size-\" alt=\"\" srcset=\"https:\/\/despositosrl.com\/wp-content\/uploads\/2025\/11\/sergio-desposito-.jpg 1024w, https:\/\/despositosrl.com\/wp-content\/uploads\/2025\/11\/sergio-desposito--300x300.jpg 300w, https:\/\/despositosrl.com\/wp-content\/uploads\/2025\/11\/sergio-desposito--150x150.jpg 150w, https:\/\/despositosrl.com\/wp-content\/uploads\/2025\/11\/sergio-desposito--768x768.jpg 768w\" sizes=\"auto, (max-width: 1024px) 100vw, 1024px\" \/>                         <\/div>\n          <\/div><!-- box-image -->\n         \n          <div class=\"box-text text-center\" >\n                <div class=\"box-text-inner\">\n                  <h4 class=\"uppercase\">\n                    <span class=\"person-name\">Sergio D\u2019Esp\u00f3sito<\/span><br\/>\n                    <span class=\"person-title is-small thin-font op-7\">\n                      Gerente General                    <\/span>\n                  <\/h4>\n                 <div class=\"social-icons follow-icons \" ><\/div>                 \n                <\/div><!-- box-text-inner -->\n          <\/div><!-- box-text -->\n    <\/div><!-- .box  -->\n\n    \n    \n<\/div><\/div>\n<div class=\"col medium-4 small-12 large-4\"  ><div class=\"col-inner\"  >\n    <div class=\"box has-hover has-hover box-default box-text-bottom\" >\n\n                  <div class=\"box-image \" style=\"width:80%;\">\n           <div class=\"box-image-inner image-cover\" style=\"border-radius:5%;padding-top:120%;\">\n              <img loading=\"lazy\" decoding=\"async\" width=\"760\" height=\"1010\" src=\"https:\/\/despositosrl.com\/wp-content\/uploads\/2025\/10\/1-e1767880806644.jpg\" class=\"attachment-original size-original\" alt=\"\" srcset=\"https:\/\/despositosrl.com\/wp-content\/uploads\/2025\/10\/1-e1767880806644.jpg 760w, https:\/\/despositosrl.com\/wp-content\/uploads\/2025\/10\/1-e1767880806644-226x300.jpg 226w\" sizes=\"auto, (max-width: 760px) 100vw, 760px\" \/>                         <\/div>\n          <\/div><!-- box-image -->\n         \n          <div class=\"box-text text-center\" >\n                <div class=\"box-text-inner\">\n                  <h4 class=\"uppercase\">\n                    <span class=\"person-name\">Ing. Bel\u00e9n D'Esp\u00f3sito<\/span><br\/>\n                    <span class=\"person-title is-small thin-font op-7\">\n                      Ambiente                    <\/span>\n                  <\/h4>\n                 <div class=\"social-icons follow-icons \" ><\/div>                 \n                <\/div><!-- box-text-inner -->\n          <\/div><!-- box-text -->\n    <\/div><!-- .box  -->\n\n    \n    \n<\/div><\/div>\n<div class=\"col medium-4 small-12 large-4\"  ><div class=\"col-inner\"  >\n    <div class=\"box has-hover has-hover box-text-bottom\" >\n\n                  <div class=\"box-image \" style=\"width:80%;\">\n           <div class=\"box-image-inner image-cover\" style=\"border-radius:5%;padding-top:120%;\">\n              <img loading=\"lazy\" decoding=\"async\" width=\"524\" height=\"699\" src=\"https:\/\/despositosrl.com\/wp-content\/uploads\/2025\/10\/2-e1767880833188.jpg\" class=\"attachment- size-\" alt=\"\" srcset=\"https:\/\/despositosrl.com\/wp-content\/uploads\/2025\/10\/2-e1767880833188.jpg 524w, https:\/\/despositosrl.com\/wp-content\/uploads\/2025\/10\/2-e1767880833188-225x300.jpg 225w\" sizes=\"auto, (max-width: 524px) 100vw, 524px\" \/>                         <\/div>\n          <\/div><!-- box-image -->\n         \n          <div class=\"box-text text-center\" >\n                <div class=\"box-text-inner\">\n                  <h4 class=\"uppercase\">\n                    <span class=\"person-name\">Ramiro D'Esp\u00f3sito<\/span><br\/>\n                    <span class=\"person-title is-small thin-font op-7\">\n                      Log\u00edstica                    <\/span>\n                  <\/h4>\n                 <div class=\"social-icons follow-icons \" ><\/div>                 \n                <\/div><!-- box-text-inner -->\n          <\/div><!-- box-text -->\n    <\/div><!-- .box  -->\n\n    \n    \n<\/div><\/div>\n\n<style scope=\"scope\">\n\n<\/style>\n<\/div>\n<div class=\"gap-element\" style=\"display:block; height:auto; padding-top:54px\" class=\"clearfix\"><\/div>\n<h2><strong>Nuestros valores<\/strong><\/h2>\n<p>\u00a0<\/p>\n<div>En D\u2019Esp\u00f3sito SRL creemos que la diferencia est\u00e1 en el trato humano y personalizado.<\/div>\n<div>Cada obra, cada servicio, cada cliente cuenta con nuestro compromiso total.<\/div>\n<div>Trabajamos con la convicci\u00f3n de dejar siempre nuestra mejor huella, integrando eficiencia operativa y responsabilidad ambiental en cada proyecto.<\/div>\n<div>\u00a0<\/div>\n<div>Nos importa verdaderamente el ambiente: buscamos soluciones accesibles, pr\u00e1cticas y efectivas que generen un impacto positivo en nuestros clientes, en la comunidad y en el entorno que compartimos.<\/div>\n<\/div><\/div>\n<\/div>\n","protected":false},"excerpt":{"rendered":"","protected":false},"author":1,"featured_media":0,"parent":0,"menu_order":0,"comment_status":"closed","ping_status":"closed","template":"page-blank.php","meta":{"footnotes":""},"class_list":["post-9","page","type-page","status-publish","hentry"],"yoast_head":"<!-- This site is optimized with the Yoast SEO plugin v20.0 - https:\/\/yoast.com\/wordpress\/plugins\/seo\/ -->\n<title>La empresa - D\u00b4Esposito SRL<\/title>\n<meta name=\"robots\" content=\"index, follow, max-snippet:-1, max-image-preview:large, max-video-preview:-1\" \/>\n<link rel=\"canonical\" href=\"https:\/\/despositosrl.com\/index.php\/la-empresa\/\" \/>\n<meta property=\"og:locale\" content=\"es_ES\" \/>\n<meta property=\"og:type\" content=\"article\" \/>\n<meta property=\"og:title\" content=\"La empresa - D\u00b4Esposito SRL\" \/>\n<meta property=\"og:url\" content=\"https:\/\/despositosrl.com\/index.php\/la-empresa\/\" \/>\n<meta property=\"og:site_name\" content=\"D\u00b4Esposito SRL\" \/>\n<meta property=\"article:modified_time\" content=\"2026-01-08T14:00:59+00:00\" \/>\n<meta name=\"twitter:card\" content=\"summary_large_image\" \/>\n<meta name=\"twitter:label1\" content=\"Tiempo de lectura\" \/>\n\t<meta name=\"twitter:data1\" content=\"2 minutos\" \/>\n<script type=\"application\/ld+json\" class=\"yoast-schema-graph\">{\"@context\":\"https:\/\/schema.org\",\"@graph\":[{\"@type\":\"WebPage\",\"@id\":\"https:\/\/despositosrl.com\/index.php\/la-empresa\/\",\"url\":\"https:\/\/despositosrl.com\/index.php\/la-empresa\/\",\"name\":\"La empresa - D\u00b4Esposito SRL\",\"isPartOf\":{\"@id\":\"https:\/\/despositosrl.com\/#website\"},\"datePublished\":\"2022-12-07T14:51:59+00:00\",\"dateModified\":\"2026-01-08T14:00:59+00:00\",\"breadcrumb\":{\"@id\":\"https:\/\/despositosrl.com\/index.php\/la-empresa\/#breadcrumb\"},\"inLanguage\":\"es-AR\",\"potentialAction\":[{\"@type\":\"ReadAction\",\"target\":[\"https:\/\/despositosrl.com\/index.php\/la-empresa\/\"]}]},{\"@type\":\"BreadcrumbList\",\"@id\":\"https:\/\/despositosrl.com\/index.php\/la-empresa\/#breadcrumb\",\"itemListElement\":[{\"@type\":\"ListItem\",\"position\":1,\"name\":\"Inicio\",\"item\":\"https:\/\/despositosrl.com\/\"},{\"@type\":\"ListItem\",\"position\":2,\"name\":\"La empresa\"}]},{\"@type\":\"WebSite\",\"@id\":\"https:\/\/despositosrl.com\/#website\",\"url\":\"https:\/\/despositosrl.com\/\",\"name\":\"D\u00b4Esposito SRL\",\"description\":\"Servicios de transporte y movimientos de suelo\",\"publisher\":{\"@id\":\"https:\/\/despositosrl.com\/#organization\"},\"potentialAction\":[{\"@type\":\"SearchAction\",\"target\":{\"@type\":\"EntryPoint\",\"urlTemplate\":\"https:\/\/despositosrl.com\/?s={search_term_string}\"},\"query-input\":\"required name=search_term_string\"}],\"inLanguage\":\"es-AR\"},{\"@type\":\"Organization\",\"@id\":\"https:\/\/despositosrl.com\/#organization\",\"name\":\"D\u00b4Esposito SRL\",\"url\":\"https:\/\/despositosrl.com\/\",\"logo\":{\"@type\":\"ImageObject\",\"inLanguage\":\"es-AR\",\"@id\":\"https:\/\/despositosrl.com\/#\/schema\/logo\/image\/\",\"url\":\"https:\/\/despositosrl.com\/wp-content\/uploads\/2023\/01\/logo2.png\",\"contentUrl\":\"https:\/\/despositosrl.com\/wp-content\/uploads\/2023\/01\/logo2.png\",\"width\":3650,\"height\":1542,\"caption\":\"D\u00b4Esposito SRL\"},\"image\":{\"@id\":\"https:\/\/despositosrl.com\/#\/schema\/logo\/image\/\"},\"sameAs\":[\"https:\/\/www.instagram.com\/despositosrl\/\",\"https:\/\/www.linkedin.com\/company\/d-espsito-srl\/\"]}]}<\/script>\n<!-- \/ Yoast SEO plugin. -->","yoast_head_json":{"title":"La empresa - D\u00b4Esposito SRL","robots":{"index":"index","follow":"follow","max-snippet":"max-snippet:-1","max-image-preview":"max-image-preview:large","max-video-preview":"max-video-preview:-1"},"canonical":"https:\/\/despositosrl.com\/index.php\/la-empresa\/","og_locale":"es_ES","og_type":"article","og_title":"La empresa - D\u00b4Esposito SRL","og_url":"https:\/\/despositosrl.com\/index.php\/la-empresa\/","og_site_name":"D\u00b4Esposito SRL","article_modified_time":"2026-01-08T14:00:59+00:00","twitter_card":"summary_large_image","twitter_misc":{"Tiempo de lectura":"2 minutos"},"schema":{"@context":"https:\/\/schema.org","@graph":[{"@type":"WebPage","@id":"https:\/\/despositosrl.com\/index.php\/la-empresa\/","url":"https:\/\/despositosrl.com\/index.php\/la-empresa\/","name":"La empresa - D\u00b4Esposito SRL","isPartOf":{"@id":"https:\/\/despositosrl.com\/#website"},"datePublished":"2022-12-07T14:51:59+00:00","dateModified":"2026-01-08T14:00:59+00:00","breadcrumb":{"@id":"https:\/\/despositosrl.com\/index.php\/la-empresa\/#breadcrumb"},"inLanguage":"es-AR","potentialAction":[{"@type":"ReadAction","target":["https:\/\/despositosrl.com\/index.php\/la-empresa\/"]}]},{"@type":"BreadcrumbList","@id":"https:\/\/despositosrl.com\/index.php\/la-empresa\/#breadcrumb","itemListElement":[{"@type":"ListItem","position":1,"name":"Inicio","item":"https:\/\/despositosrl.com\/"},{"@type":"ListItem","position":2,"name":"La empresa"}]},{"@type":"WebSite","@id":"https:\/\/despositosrl.com\/#website","url":"https:\/\/despositosrl.com\/","name":"D\u00b4Esposito SRL","description":"Servicios de transporte y movimientos de suelo","publisher":{"@id":"https:\/\/despositosrl.com\/#organization"},"potentialAction":[{"@type":"SearchAction","target":{"@type":"EntryPoint","urlTemplate":"https:\/\/despositosrl.com\/?s={search_term_string}"},"query-input":"required name=search_term_string"}],"inLanguage":"es-AR"},{"@type":"Organization","@id":"https:\/\/despositosrl.com\/#organization","name":"D\u00b4Esposito SRL","url":"https:\/\/despositosrl.com\/","logo":{"@type":"ImageObject","inLanguage":"es-AR","@id":"https:\/\/despositosrl.com\/#\/schema\/logo\/image\/","url":"https:\/\/despositosrl.com\/wp-content\/uploads\/2023\/01\/logo2.png","contentUrl":"https:\/\/despositosrl.com\/wp-content\/uploads\/2023\/01\/logo2.png","width":3650,"height":1542,"caption":"D\u00b4Esposito SRL"},"image":{"@id":"https:\/\/despositosrl.com\/#\/schema\/logo\/image\/"},"sameAs":["https:\/\/www.instagram.com\/despositosrl\/","https:\/\/www.linkedin.com\/company\/d-espsito-srl\/"]}]}},"_links":{"self":[{"href":"https:\/\/despositosrl.com\/index.php\/wp-json\/wp\/v2\/pages\/9","targetHints":{"allow":["GET"]}}],"collection":[{"href":"https:\/\/despositosrl.com\/index.php\/wp-json\/wp\/v2\/pages"}],"about":[{"href":"https:\/\/despositosrl.com\/index.php\/wp-json\/wp\/v2\/types\/page"}],"author":[{"embeddable":true,"href":"https:\/\/despositosrl.com\/index.php\/wp-json\/wp\/v2\/users\/1"}],"replies":[{"embeddable":true,"href":"https:\/\/despositosrl.com\/index.php\/wp-json\/wp\/v2\/comments?post=9"}],"version-history":[{"count":12,"href":"https:\/\/despositosrl.com\/index.php\/wp-json\/wp\/v2\/pages\/9\/revisions"}],"predecessor-version":[{"id":174,"href":"https:\/\/despositosrl.com\/index.php\/wp-json\/wp\/v2\/pages\/9\/revisions\/174"}],"wp:attachment":[{"href":"https:\/\/despositosrl.com\/index.php\/wp-json\/wp\/v2\/media?parent=9"}],"curies":[{"name":"wp","href":"https:\/\/api.w.org\/{rel}","templated":true}]}}